{"id":641,"date":"2024-06-18T13:57:13","date_gmt":"2024-06-18T13:57:13","guid":{"rendered":"https:\/\/bqpd.eu\/?page_id=641"},"modified":"2024-06-18T20:13:30","modified_gmt":"2024-06-18T20:13:30","slug":"un-agenda-2020-sgd","status":"publish","type":"page","link":"https:\/\/bqpd.eu\/index.php\/un-agenda-2020-sgd\/","title":{"rendered":"UN Agenda 2030 SGD"},"content":{"rendered":"\t\t<div data-elementor-type=\"wp-page\" data-elementor-id=\"641\" class=\"elementor elementor-641\">\n\t\t\t\t<div class=\"elementor-element elementor-element-bf76932 e-flex e-con-boxed wpr-particle-no wpr-jarallax-no wpr-parallax-no wpr-sticky-section-no e-con e-parent\" data-id=\"bf76932\" data-element_type=\"container\">\n\t\t\t\t\t<div class=\"e-con-inner\">\n\t\t\t\t<div class=\"elementor-element elementor-element-b57fe34 elementor-widget elementor-widget-image\" data-id=\"b57fe34\" data-element_type=\"widget\" data-widget_type=\"image.default\">\n\t\t\t\t<div class=\"elementor-widget-container\">\n\t\t\t<style>\/*! elementor - v3.21.0 - 26-05-2024 *\/\n.elementor-widget-image{text-align:center}.elementor-widget-image a{display:inline-block}.elementor-widget-image a img[src$=\".svg\"]{width:48px}.elementor-widget-image img{vertical-align:middle;display:inline-block}<\/style>\t\t\t\t\t\t\t\t\t\t<img fetchpriority=\"high\" decoding=\"async\" width=\"585\" height=\"166\" src=\"https:\/\/bqpd.eu\/wp-content\/uploads\/2024\/06\/SDG-GOALS.jpg\" class=\"attachment-full size-full wp-image-717\" alt=\"\" srcset=\"https:\/\/bqpd.eu\/wp-content\/uploads\/2024\/06\/SDG-GOALS.jpg 585w, https:\/\/bqpd.eu\/wp-content\/uploads\/2024\/06\/SDG-GOALS-300x85.jpg 300w\" sizes=\"(max-width: 585px) 100vw, 585px\" \/>\t\t\t\t\t\t\t\t\t\t\t\t\t<\/div>\n\t\t\t\t<\/div>\n\t\t\t\t\t<\/div>\n\t\t\t\t<\/div>\n\t\t<div class=\"elementor-element elementor-element-302f166 e-flex e-con-boxed wpr-particle-no wpr-jarallax-no wpr-parallax-no wpr-sticky-section-no e-con e-parent\" data-id=\"302f166\" data-element_type=\"container\">\n\t\t\t\t\t<div class=\"e-con-inner\">\n\t\t\t\t<div class=\"elementor-element elementor-element-345edc7 elementor-widget elementor-widget-image\" data-id=\"345edc7\" data-element_type=\"widget\" data-widget_type=\"image.default\">\n\t\t\t\t<div class=\"elementor-widget-container\">\n\t\t\t\t\t\t\t\t\t\t\t\t\t<img decoding=\"async\" width=\"1470\" height=\"729\" src=\"https:\/\/bqpd.eu\/wp-content\/uploads\/2024\/06\/UN-SGD-17.png\" class=\"attachment-full size-full wp-image-679\" alt=\"\" srcset=\"https:\/\/bqpd.eu\/wp-content\/uploads\/2024\/06\/UN-SGD-17.png 1470w, https:\/\/bqpd.eu\/wp-content\/uploads\/2024\/06\/UN-SGD-17-300x149.png 300w, https:\/\/bqpd.eu\/wp-content\/uploads\/2024\/06\/UN-SGD-17-1024x508.png 1024w, https:\/\/bqpd.eu\/wp-content\/uploads\/2024\/06\/UN-SGD-17-768x381.png 768w\" sizes=\"(max-width: 1470px) 100vw, 1470px\" \/>\t\t\t\t\t\t\t\t\t\t\t\t\t<\/div>\n\t\t\t\t<\/div>\n\t\t\t\t\t<\/div>\n\t\t\t\t<\/div>\n\t\t<div class=\"elementor-element elementor-element-12ebdd1 e-flex e-con-boxed wpr-particle-no wpr-jarallax-no wpr-parallax-no wpr-sticky-section-no e-con e-parent\" data-id=\"12ebdd1\" data-element_type=\"container\">\n\t\t\t\t\t<div class=\"e-con-inner\">\n\t\t\t\t<div class=\"elementor-element elementor-element-a1cf7fe elementor-widget elementor-widget-text-editor\" data-id=\"a1cf7fe\" data-element_type=\"widget\" data-widget_type=\"text-editor.default\">\n\t\t\t\t<div class=\"elementor-widget-container\">\n\t\t\t<style>\/*! elementor - v3.21.0 - 26-05-2024 *\/\n.elementor-widget-text-editor.elementor-drop-cap-view-stacked .elementor-drop-cap{background-color:#69727d;color:#fff}.elementor-widget-text-editor.elementor-drop-cap-view-framed .elementor-drop-cap{color:#69727d;border:3px solid;background-color:transparent}.elementor-widget-text-editor:not(.elementor-drop-cap-view-default) .elementor-drop-cap{margin-top:8px}.elementor-widget-text-editor:not(.elementor-drop-cap-view-default) .elementor-drop-cap-letter{width:1em;height:1em}.elementor-widget-text-editor .elementor-drop-cap{float:left;text-align:center;line-height:1;font-size:50px}.elementor-widget-text-editor .elementor-drop-cap-letter{display:inline-block}<\/style>\t\t\t\t<p><br \/>Die Vereinten Nationen setzten mit ihren 17 Zielen f\u00fcr nachhaltige Entwicklung (Sustainable Development Goals, SDGs) einen Plan f\u00fcr Frieden, Wohlstand und zum Schutz des Planeten. Bis 2030 sollen diese Ziele nachhaltig umgesetzt werden.<br \/><br \/><\/p><p>bqpd.eu unterst\u00fctzt die SGD und verpflichtet sich in der betrieblichen Praxis vor allem<\/p><p>03 Gesundheit und Wohlergehen<br \/>05 Geschlechtergleichheit<br \/>06 Sauberes Wasser und Sanit\u00e4reinrichtungen<br \/>07 Bezahlbare und saubere Energie<br \/>08 Menschenw\u00fcrdige Arbeit und Wirtschaftswachstum<br \/>09 Industrie, Innovation und Infrastruktur<br \/>13 Ma\u00dfnahmen zum Klimaschutz<br \/>16 Frieden, Gerechtigkeit und starke Institutionen<\/p><p>in den Fokus zu nehmen und bestm\u00f6glich einzufordern und zu f\u00f6rdern. <br \/>So k\u00f6nnen wir f\u00fcr einen kleinen Teil der Welt, auf den wir wirken, <br \/>unseren geringen Beitrag zu einem Gelingen leisten.<\/p><p>Freundliche Gr\u00fc\u00dfe<\/p>\t\t\t\t\t\t<\/div>\n\t\t\t\t<\/div>\n\t\t\t\t<div class=\"elementor-element elementor-element-c5e3655 elementor-widget elementor-widget-image\" data-id=\"c5e3655\" data-element_type=\"widget\" data-widget_type=\"image.default\">\n\t\t\t\t<div class=\"elementor-widget-container\">\n\t\t\t\t\t\t\t\t\t\t\t\t\t<img decoding=\"async\" src=\"https:\/\/bqpd.eu\/wp-content\/uploads\/2024\/06\/DTF_signatur.png\" title=\"DTF_signatur\" alt=\"DTF_signatur\" loading=\"lazy\" \/>\t\t\t\t\t\t\t\t\t\t\t\t\t<\/div>\n\t\t\t\t<\/div>\n\t\t\t\t\t<\/div>\n\t\t\t\t<\/div>\n\t\t\t\t<\/div>\n\t\t","protected":false},"excerpt":{"rendered":"<p>Die Vereinten Nationen setzten mit ihren 17 Zielen f\u00fcr nachhaltige Entwicklung (Sustainable Development Goals, SDGs) einen Plan f\u00fcr Frieden, Wohlstand und zum Schutz des Planeten. Bis 2030 sollen diese Ziele nachhaltig umgesetzt werden. bqpd.eu unterst\u00fctzt die SGD und verpflichtet sich in der betrieblichen Praxis vor allem 03 Gesundheit und Wohlergehen05 Geschlechtergleichheit06 Sauberes Wasser und Sanit\u00e4reinrichtungen07 Bezahlbare und saubere Energie08 Menschenw\u00fcrdige Arbeit und Wirtschaftswachstum09 Industrie, Innovation und Infrastruktur13 Ma\u00dfnahmen zum Klimaschutz16 Frieden, Gerechtigkeit und starke Institutionen in den Fokus zu nehmen und bestm\u00f6glich einzufordern und zu f\u00f6rdern. So k\u00f6nnen wir f\u00fcr einen kleinen Teil der Welt, auf den wir wirken, unseren geringen Beitrag zu einem Gelingen leisten. Freundliche Gr\u00fc\u00dfe<\/p>\n","protected":false},"author":1,"featured_media":0,"parent":0,"menu_order":0,"comment_status":"closed","ping_status":"closed","template":"templates\/template-page-full-width.php","meta":{"content-type":"","footnotes":""},"class_list":["post-641","page","type-page","status-publish","hentry"],"_links":{"self":[{"href":"https:\/\/bqpd.eu\/index.php\/wp-json\/wp\/v2\/pages\/641","targetHints":{"allow":["GET"]}}],"collection":[{"href":"https:\/\/bqpd.eu\/index.php\/wp-json\/wp\/v2\/pages"}],"about":[{"href":"https:\/\/bqpd.eu\/index.php\/wp-json\/wp\/v2\/types\/page"}],"author":[{"embeddable":true,"href":"https:\/\/bqpd.eu\/index.php\/wp-json\/wp\/v2\/users\/1"}],"replies":[{"embeddable":true,"href":"https:\/\/bqpd.eu\/index.php\/wp-json\/wp\/v2\/comments?post=641"}],"version-history":[{"count":56,"href":"https:\/\/bqpd.eu\/index.php\/wp-json\/wp\/v2\/pages\/641\/revisions"}],"predecessor-version":[{"id":723,"href":"https:\/\/bqpd.eu\/index.php\/wp-json\/wp\/v2\/pages\/641\/revisions\/723"}],"wp:attachment":[{"href":"https:\/\/bqpd.eu\/index.php\/wp-json\/wp\/v2\/media?parent=641"}],"curies":[{"name":"wp","href":"https:\/\/api.w.org\/{rel}","templated":true}]}}