{"id":267,"date":"2024-06-12T05:31:36","date_gmt":"2024-06-12T05:31:36","guid":{"rendered":"https:\/\/bqpd.eu\/?page_id=267"},"modified":"2024-07-04T18:31:00","modified_gmt":"2024-07-04T18:31:00","slug":"bqpd-eu","status":"publish","type":"page","link":"https:\/\/bqpd.eu\/index.php\/bqpd-eu\/","title":{"rendered":"bqpd.eu"},"content":{"rendered":"\t\t<div data-elementor-type=\"wp-page\" data-elementor-id=\"267\" class=\"elementor elementor-267\">\n\t\t\t\t\t\t<section class=\"elementor-section elementor-top-section elementor-element elementor-element-7250ea90 elementor-section-boxed elementor-section-height-default elementor-section-height-default wpr-particle-no wpr-jarallax-no wpr-parallax-no wpr-sticky-section-no\" data-id=\"7250ea90\" data-element_type=\"section\">\n\t\t\t\t\t\t<div class=\"elementor-container elementor-column-gap-wide\">\n\t\t\t\t\t<div class=\"elementor-column elementor-col-50 elementor-top-column elementor-element elementor-element-5967fb91 elementor-invisible\" data-id=\"5967fb91\" data-element_type=\"column\" data-settings=\"{&quot;animation&quot;:&quot;slideInLeft&quot;}\">\n\t\t\t<div class=\"elementor-widget-wrap elementor-element-populated\">\n\t\t\t\t\t\t<div class=\"elementor-element elementor-element-1b9df6e8 elementor-widget elementor-widget-heading\" data-id=\"1b9df6e8\" data-element_type=\"widget\" data-widget_type=\"heading.default\">\n\t\t\t\t<div class=\"elementor-widget-container\">\n\t\t\t<style>\/*! elementor - v3.21.0 - 26-05-2024 *\/\n.elementor-heading-title{padding:0;margin:0;line-height:1}.elementor-widget-heading .elementor-heading-title[class*=elementor-size-]>a{color:inherit;font-size:inherit;line-height:inherit}.elementor-widget-heading .elementor-heading-title.elementor-size-small{font-size:15px}.elementor-widget-heading .elementor-heading-title.elementor-size-medium{font-size:19px}.elementor-widget-heading .elementor-heading-title.elementor-size-large{font-size:29px}.elementor-widget-heading .elementor-heading-title.elementor-size-xl{font-size:39px}.elementor-widget-heading .elementor-heading-title.elementor-size-xxl{font-size:59px}<\/style><h2 class=\"elementor-heading-title elementor-size-default\">Best choice <\/h2>\t\t<\/div>\n\t\t\t\t<\/div>\n\t\t\t\t<div class=\"elementor-element elementor-element-2d1dee83 elementor-widget elementor-widget-heading\" data-id=\"2d1dee83\" data-element_type=\"widget\" data-widget_type=\"heading.default\">\n\t\t\t\t<div class=\"elementor-widget-container\">\n\t\t\t<h2 class=\"elementor-heading-title elementor-size-default\">bqpd.eu <\/h2>\t\t<\/div>\n\t\t\t\t<\/div>\n\t\t\t\t<div class=\"elementor-element elementor-element-4059317d elementor-widget elementor-widget-text-editor\" data-id=\"4059317d\" data-element_type=\"widget\" data-widget_type=\"text-editor.default\">\n\t\t\t\t<div class=\"elementor-widget-container\">\n\t\t\t<style>\/*! elementor - v3.21.0 - 26-05-2024 *\/\n.elementor-widget-text-editor.elementor-drop-cap-view-stacked .elementor-drop-cap{background-color:#69727d;color:#fff}.elementor-widget-text-editor.elementor-drop-cap-view-framed .elementor-drop-cap{color:#69727d;border:3px solid;background-color:transparent}.elementor-widget-text-editor:not(.elementor-drop-cap-view-default) .elementor-drop-cap{margin-top:8px}.elementor-widget-text-editor:not(.elementor-drop-cap-view-default) .elementor-drop-cap-letter{width:1em;height:1em}.elementor-widget-text-editor .elementor-drop-cap{float:left;text-align:center;line-height:1;font-size:50px}.elementor-widget-text-editor .elementor-drop-cap-letter{display:inline-block}<\/style>\t\t\t\t<p>steht f\u00fcr <strong>best quality professionals domain<\/strong> in der Europ\u00e4ischen Union.<\/p><p>Das bedeutet, dass Professionalit\u00e4t und Qualit\u00e4t in unserem Service vor allem geht, weil &#8222;high speed not always the right speed&#8220; ist, insbesondere wenn es um erfolgskritische Personalentscheidungen geht.\u00a0<\/p>\t\t\t\t\t\t<\/div>\n\t\t\t\t<\/div>\n\t\t\t\t<div class=\"elementor-element elementor-element-53846b1 wpr-button-icon-style-inline wpr-button-icon-position-right elementor-widget elementor-widget-wpr-button\" data-id=\"53846b1\" data-element_type=\"widget\" data-widget_type=\"wpr-button.default\">\n\t\t\t\t<div class=\"elementor-widget-container\">\n\t\t\t\t\n\t\t\t\n\t\t\n\t\t<div class=\"wpr-button-wrap elementor-clearfix\">\n\t\t<a class=\"wpr-button wpr-button-effect wpr-button-none\" data-text=\"Go\" href=\"https:\/\/bqpd.eu\/index.php\/discovery-call\/\">\n\t\t\t\n\t\t\t<span class=\"wpr-button-content\">\n\t\t\t\t\t\t\t\t\t<span class=\"wpr-button-text\">Erstgespr\u00e4ch vereinbaren<\/span>\n\t\t\t\t\t\t\t\t\n\t\t\t\t\t\t\t<\/span>\n\t\t<\/a>\n\n\t\t\t\t<\/div>\n\t\n\t\n\t\t\t<\/div>\n\t\t\t\t<\/div>\n\t\t\t\t\t<\/div>\n\t\t<\/div>\n\t\t\t\t<div class=\"elementor-column elementor-col-50 elementor-top-column elementor-element elementor-element-17512d1b elementor-invisible\" data-id=\"17512d1b\" data-element_type=\"column\" data-settings=\"{&quot;animation&quot;:&quot;slideInRight&quot;}\">\n\t\t\t<div class=\"elementor-widget-wrap elementor-element-populated\">\n\t\t\t\t\t\t<div class=\"elementor-element elementor-element-485ff167 elementor-widget elementor-widget-image\" data-id=\"485ff167\" data-element_type=\"widget\" data-widget_type=\"image.default\">\n\t\t\t\t<div class=\"elementor-widget-container\">\n\t\t\t<style>\/*! elementor - v3.21.0 - 26-05-2024 *\/\n.elementor-widget-image{text-align:center}.elementor-widget-image a{display:inline-block}.elementor-widget-image a img[src$=\".svg\"]{width:48px}.elementor-widget-image img{vertical-align:middle;display:inline-block}<\/style>\t\t\t\t\t\t\t\t\t\t<img fetchpriority=\"high\" decoding=\"async\" width=\"900\" height=\"550\" src=\"https:\/\/bqpd.eu\/wp-content\/uploads\/2024\/06\/Post-1.jpg\" class=\"attachment-large size-large wp-image-353\" alt=\"\" srcset=\"https:\/\/bqpd.eu\/wp-content\/uploads\/2024\/06\/Post-1.jpg 900w, https:\/\/bqpd.eu\/wp-content\/uploads\/2024\/06\/Post-1-300x183.jpg 300w, https:\/\/bqpd.eu\/wp-content\/uploads\/2024\/06\/Post-1-768x469.jpg 768w\" sizes=\"(max-width: 900px) 100vw, 900px\" \/>\t\t\t\t\t\t\t\t\t\t\t\t\t<\/div>\n\t\t\t\t<\/div>\n\t\t\t\t\t<\/div>\n\t\t<\/div>\n\t\t\t\t\t<\/div>\n\t\t<\/section>\n\t\t\t\t<section class=\"elementor-section elementor-top-section elementor-element elementor-element-340aa1ef elementor-section-boxed elementor-section-height-default elementor-section-height-default wpr-particle-no wpr-jarallax-no wpr-parallax-no wpr-sticky-section-no\" data-id=\"340aa1ef\" data-element_type=\"section\">\n\t\t\t\t\t\t\t<div class=\"elementor-background-overlay\"><\/div>\n\t\t\t\t\t\t\t<div class=\"elementor-container elementor-column-gap-default\">\n\t\t\t\t\t<div class=\"elementor-column elementor-col-100 elementor-top-column elementor-element elementor-element-75a65ddc elementor-invisible\" data-id=\"75a65ddc\" data-element_type=\"column\" data-settings=\"{&quot;animation&quot;:&quot;fadeIn&quot;}\">\n\t\t\t<div class=\"elementor-widget-wrap elementor-element-populated\">\n\t\t\t\t\t\t<section class=\"elementor-section elementor-inner-section elementor-element elementor-element-4080c077 elementor-section-boxed elementor-section-height-default elementor-section-height-default wpr-particle-no wpr-jarallax-no wpr-parallax-no wpr-sticky-section-no\" data-id=\"4080c077\" data-element_type=\"section\">\n\t\t\t\t\t\t<div class=\"elementor-container elementor-column-gap-default\">\n\t\t\t\t\t<div class=\"elementor-column elementor-col-100 elementor-inner-column elementor-element elementor-element-25a3a51e\" data-id=\"25a3a51e\" data-element_type=\"column\">\n\t\t\t<div class=\"elementor-widget-wrap elementor-element-populated\">\n\t\t\t\t\t\t<div class=\"elementor-element elementor-element-2f5c201b elementor-widget elementor-widget-heading\" data-id=\"2f5c201b\" data-element_type=\"widget\" data-widget_type=\"heading.default\">\n\t\t\t\t<div class=\"elementor-widget-container\">\n\t\t\t<h2 class=\"elementor-heading-title elementor-size-default\">Gekommen um zu bleiben<\/h2>\t\t<\/div>\n\t\t\t\t<\/div>\n\t\t\t\t<div class=\"elementor-element elementor-element-79ae13ba elementor-widget elementor-widget-heading\" data-id=\"79ae13ba\" data-element_type=\"widget\" data-widget_type=\"heading.default\">\n\t\t\t\t<div class=\"elementor-widget-container\">\n\t\t\t<h2 class=\"elementor-heading-title elementor-size-default\">Meilensteine auf dem Weg \nals europ\u00e4ischer Dienstleister<\/h2>\t\t<\/div>\n\t\t\t\t<\/div>\n\t\t\t\t<div class=\"elementor-element elementor-element-7364a667 elementor-widget elementor-widget-text-editor\" data-id=\"7364a667\" data-element_type=\"widget\" data-widget_type=\"text-editor.default\">\n\t\t\t\t<div class=\"elementor-widget-container\">\n\t\t\t\t\t\t\t<p>Es sind nur die ersten Schritte auf dem langen Weg ein f\u00fchrender europ\u00e4ischer Dienstleister f\u00fcr die professionelle Vermittlung von Fach- und F\u00fchrungskr\u00e4ften zu werden. Der Anfang ist gemacht.<\/p>\t\t\t\t\t\t<\/div>\n\t\t\t\t<\/div>\n\t\t\t\t\t<\/div>\n\t\t<\/div>\n\t\t\t\t\t<\/div>\n\t\t<\/section>\n\t\t\t\t<div class=\"elementor-element elementor-element-ce0cf44 wpr-list-style-none elementor-widget elementor-widget-wpr-posts-timeline\" data-id=\"ce0cf44\" data-element_type=\"widget\" data-settings=\"{&quot;swiper_speed&quot;:500}\" data-widget_type=\"wpr-posts-timeline.default\">\n\t\t\t\t<div class=\"elementor-widget-container\">\n\t\t\t<div class=\"wpr-timeline-outer-container\"><div class=\"wpr-wrapper swiper-container wpr-horizontal-bottom\" dir=\"\" data-slidestoshow = \"3\" data-autoplay=\"\" data-loop=\"\" data-swiper-speed=\"500\" data-swiper-delay=\"0\" data-swiper-poh=\"\" data-swiper-space-between=\"5\"><div class=\"swiper-wrapper wpr-horizontal-bottom-timeline\"><div class=\"swiper-slide swiper-slide-line-top no elementor-repeater-item-940c2b5\"><div class=\"wpr-extra-label\" ><span class=\"wpr-label\" >Juli 2024<\/span><span class=\"wpr-sub-label\" >Gr\u00fcndung bqpd.eu<\/span><\/div><div class=\"wpr-main-line-icon wpr-icon\"><i aria-hidden=\"true\" class=\"far fa-flag\"><\/i><\/div><div class=\"wpr-story-info \"><div class=\"wpr-timeline-content-wrapper\"><p class=\"wpr-title-wrap\"><span  class=\"wpr-title\">Go 2 Market<\/span><\/p><div class=\"wpr-description\"><p>Gr\u00fcndliche \u00dcberlegungen zur Gr\u00fcndung und ein schneller Markteintritt.<\/p><\/div><\/div><\/div><\/div><div class=\"swiper-slide swiper-slide-line-top no elementor-repeater-item-a6de89e\"><div class=\"wpr-extra-label\" ><span class=\"wpr-label\" >April 2025<\/span><span class=\"wpr-sub-label\" >Neue Niederlassung <\/span><\/div><div class=\"wpr-main-line-icon wpr-icon\"><i aria-hidden=\"true\" class=\"far fa-paper-plane\"><\/i><\/div><div class=\"wpr-story-info \"><div class=\"wpr-timeline-content-wrapper\"><p class=\"wpr-title-wrap\"><span  class=\"wpr-title\">In der Mitte Europas<\/span><\/p><div class=\"wpr-description\"><p>Zentral gelegen und gut erreichbar f\u00fcr Kollegen sowie Kunden.<\/p><\/div><\/div><\/div><\/div><div class=\"swiper-slide swiper-slide-line-top no elementor-repeater-item-47be66e\"><div class=\"wpr-extra-label\" ><span class=\"wpr-label\" >2026<\/span><span class=\"wpr-sub-label\" >KI Product Launch<\/span><\/div><div class=\"wpr-main-line-icon wpr-icon\"><i aria-hidden=\"true\" class=\"far fa-lightbulb\"><\/i><\/div><div class=\"wpr-story-info \"><div class=\"wpr-timeline-content-wrapper\"><p class=\"wpr-title-wrap\"><span  class=\"wpr-title\">Smarter Matching<\/span><\/p><div class=\"wpr-description\"><p>K\u00fcnstliche Intelligenz als Kern unseres Produktportfolios<\/p><\/div><\/div><\/div><\/div><div class=\"swiper-slide swiper-slide-line-top no elementor-repeater-item-f4da282\"><div class=\"wpr-extra-label\" ><span class=\"wpr-label\" >2030<\/span><span class=\"wpr-sub-label\" >Markenkonsolidierung<\/span><\/div><div class=\"wpr-main-line-icon wpr-icon\"><i aria-hidden=\"true\" class=\"fas fa-bolt\"><\/i><\/div><div class=\"wpr-story-info \"><div class=\"wpr-timeline-content-wrapper\"><p class=\"wpr-title-wrap\"><span  class=\"wpr-title\">ONE<\/span><\/p><div class=\"wpr-description\"><p>Eine Marke f\u00fcr alle M\u00e4rkte<\/p><\/div><\/div><\/div><\/div><\/div>\n\t\t\t<!-- Add Pagination -->        \n\t\t\t<div class=\"wpr-swiper-pagination\"><\/div>\n\t\t\t<!-- Add Arrows -->\n\t\t\t<div class=\"wpr-button-prev wpr-timeline-prev-arrow wpr-timeline-prev-ce0cf44\">\n\t\t\t\t<svg version=\"1.1\" xmlns=\"http:\/\/www.w3.org\/2000\/svg\" xmlns:xlink=\"http:\/\/www.w3.org\/1999\/xlink\" x=\"0px\" y=\"0px\" viewBox=\"0 0 291.4 512\" style=\"enable-background:new 0 0 291.4 512;\" xml:space=\"preserve\"><g><path class=\"st0\" d=\"M281.1,451.5c13.8,13.8,13.8,36.3,0,50.1c-13.8,13.8-36.3,13.8-50.1,0L10.4,281C3.5,274.1,0,265.1,0,256c0-9.1,3.5-18.1,10.4-25L231,10.4c13.8-13.8,36.3-13.8,50.1,0c6.9,6.9,10.4,16,10.4,25s-3.5,18.1-10.4,25L85.5,256L281.1,451.5z\"\/><\/g><\/svg>\n\t\t\t<\/div>\n\t\t\t<div class=\"wpr-button-next wpr-timeline-next-arrow wpr-timeline-next-ce0cf44\">\n\t\t\t\t<svg version=\"1.1\" xmlns=\"http:\/\/www.w3.org\/2000\/svg\" xmlns:xlink=\"http:\/\/www.w3.org\/1999\/xlink\" x=\"0px\" y=\"0px\" viewBox=\"0 0 291.4 512\" style=\"enable-background:new 0 0 291.4 512;\" xml:space=\"preserve\"><g><path class=\"st0\" d=\"M281.1,451.5c13.8,13.8,13.8,36.3,0,50.1c-13.8,13.8-36.3,13.8-50.1,0L10.4,281C3.5,274.1,0,265.1,0,256c0-9.1,3.5-18.1,10.4-25L231,10.4c13.8-13.8,36.3-13.8,50.1,0c6.9,6.9,10.4,16,10.4,25s-3.5,18.1-10.4,25L85.5,256L281.1,451.5z\"\/><\/g><\/svg>\n\t\t\t<\/div>\n\t\t<\/div><\/div>\t\t<\/div>\n\t\t\t\t<\/div>\n\t\t\t\t\t<\/div>\n\t\t<\/div>\n\t\t\t\t\t<\/div>\n\t\t<\/section>\n\t\t\t\t<section class=\"elementor-section elementor-top-section elementor-element elementor-element-57c3d6e4 elementor-section-boxed elementor-section-height-default elementor-section-height-default wpr-particle-no wpr-jarallax-no wpr-parallax-no wpr-sticky-section-no\" data-id=\"57c3d6e4\" data-element_type=\"section\">\n\t\t\t\t\t\t<div class=\"elementor-container elementor-column-gap-default\">\n\t\t\t\t\t<div class=\"elementor-column elementor-col-50 elementor-top-column elementor-element elementor-element-362398b2 elementor-invisible\" data-id=\"362398b2\" data-element_type=\"column\" data-settings=\"{&quot;animation&quot;:&quot;slideInLeft&quot;}\">\n\t\t\t<div class=\"elementor-widget-wrap elementor-element-populated\">\n\t\t\t\t\t\t<div class=\"elementor-element elementor-element-131b505b elementor-widget elementor-widget-heading\" data-id=\"131b505b\" data-element_type=\"widget\" data-widget_type=\"heading.default\">\n\t\t\t\t<div class=\"elementor-widget-container\">\n\t\t\t<h2 class=\"elementor-heading-title elementor-size-default\">The better source<br> for quality! <\/h2>\t\t<\/div>\n\t\t\t\t<\/div>\n\t\t\t\t<div class=\"elementor-element elementor-element-4a46ca80 elementor-widget elementor-widget-text-editor\" data-id=\"4a46ca80\" data-element_type=\"widget\" data-widget_type=\"text-editor.default\">\n\t\t\t\t<div class=\"elementor-widget-container\">\n\t\t\t\t\t\t\t<p>Unser Qualit\u00e4tsversprechen: Wir liefern Professional Services mit einer gro\u00dfen Portion Freude! Denn Qualit\u00e4t braucht Zeit \u2013 wir investieren die Zeit, die es braucht, um Ihnen erstklassige Beratung und ma\u00dfgeschneiderte L\u00f6sungen zu bieten. Mit einer sorgf\u00e4ltigen Herangehensweise und dem Fokus auf Ihre Bed\u00fcrfnisse garantieren wir exzellente Ergebnisse und eine partnerschaftliche Zusammenarbeit. Verlassen Sie sich darauf, dass wir Ihr Unternehmen mit Engagement und einem L\u00e4cheln voranbringen \u2013 Schritt f\u00fcr Schritt und mit nachhaltigem Erfolg im Blick.<\/p>\t\t\t\t\t\t<\/div>\n\t\t\t\t<\/div>\n\t\t\t\t<div class=\"elementor-element elementor-element-48c0107d wpr-button-icon-style-inline wpr-button-icon-position-right elementor-widget elementor-widget-wpr-button\" data-id=\"48c0107d\" data-element_type=\"widget\" data-widget_type=\"wpr-button.default\">\n\t\t\t\t<div class=\"elementor-widget-container\">\n\t\t\t\t\n\t\t\t\n\t\t\n\t\t<div class=\"wpr-button-wrap elementor-clearfix\">\n\t\t<a class=\"wpr-button wpr-button-effect wpr-button-none\" data-text=\"Go\" href=\"#link\">\n\t\t\t\n\t\t\t<span class=\"wpr-button-content\">\n\t\t\t\t\t\t\t\t\t<span class=\"wpr-button-text\">Erstgespr\u00e4ch vereinbaren<\/span>\n\t\t\t\t\t\t\t\t\n\t\t\t\t\t\t\t<\/span>\n\t\t<\/a>\n\n\t\t\t\t<\/div>\n\t\n\t\n\t\t\t<\/div>\n\t\t\t\t<\/div>\n\t\t\t\t\t<\/div>\n\t\t<\/div>\n\t\t\t\t<div class=\"elementor-column elementor-col-50 elementor-top-column elementor-element elementor-element-30b3eb7c elementor-hidden-tablet elementor-hidden-mobile elementor-invisible\" data-id=\"30b3eb7c\" data-element_type=\"column\" data-settings=\"{&quot;animation&quot;:&quot;slideInRight&quot;}\">\n\t\t\t<div class=\"elementor-widget-wrap elementor-element-populated\">\n\t\t\t\t\t\t<div class=\"elementor-element elementor-element-755dd10b elementor-widget elementor-widget-image\" data-id=\"755dd10b\" data-element_type=\"widget\" data-widget_type=\"image.default\">\n\t\t\t\t<div class=\"elementor-widget-container\">\n\t\t\t\t\t\t\t\t\t\t\t\t\t<img decoding=\"async\" width=\"800\" height=\"1000\" src=\"https:\/\/bqpd.eu\/wp-content\/uploads\/2024\/06\/pic-12-1.jpg\" class=\"attachment-full size-full wp-image-354\" alt=\"\" srcset=\"https:\/\/bqpd.eu\/wp-content\/uploads\/2024\/06\/pic-12-1.jpg 800w, https:\/\/bqpd.eu\/wp-content\/uploads\/2024\/06\/pic-12-1-240x300.jpg 240w, https:\/\/bqpd.eu\/wp-content\/uploads\/2024\/06\/pic-12-1-768x960.jpg 768w\" sizes=\"(max-width: 800px) 100vw, 800px\" \/>\t\t\t\t\t\t\t\t\t\t\t\t\t<\/div>\n\t\t\t\t<\/div>\n\t\t\t\t\t<\/div>\n\t\t<\/div>\n\t\t\t\t\t<\/div>\n\t\t<\/section>\n\t\t\t\t<section class=\"elementor-section elementor-top-section elementor-element elementor-element-59eb911 elementor-section-boxed elementor-section-height-default elementor-section-height-default wpr-particle-no wpr-jarallax-no wpr-parallax-no wpr-sticky-section-no\" data-id=\"59eb911\" data-element_type=\"section\" data-settings=\"{&quot;background_background&quot;:&quot;classic&quot;}\">\n\t\t\t\t\t\t\t<div class=\"elementor-background-overlay\"><\/div>\n\t\t\t\t\t\t\t<div class=\"elementor-container elementor-column-gap-default\">\n\t\t\t\t\t<div class=\"elementor-column elementor-col-100 elementor-top-column elementor-element elementor-element-30353aad elementor-invisible\" data-id=\"30353aad\" data-element_type=\"column\" data-settings=\"{&quot;animation&quot;:&quot;fadeIn&quot;}\">\n\t\t\t<div class=\"elementor-widget-wrap elementor-element-populated\">\n\t\t\t\t\t\t<section class=\"elementor-section elementor-inner-section elementor-element elementor-element-4c8f53c7 elementor-section-boxed elementor-section-height-default elementor-section-height-default wpr-particle-no wpr-jarallax-no wpr-parallax-no wpr-sticky-section-no\" data-id=\"4c8f53c7\" data-element_type=\"section\">\n\t\t\t\t\t\t<div class=\"elementor-container elementor-column-gap-default\">\n\t\t\t\t\t<div class=\"elementor-column elementor-col-100 elementor-inner-column elementor-element elementor-element-7bb7c699\" data-id=\"7bb7c699\" data-element_type=\"column\">\n\t\t\t<div class=\"elementor-widget-wrap elementor-element-populated\">\n\t\t\t\t\t\t<div class=\"elementor-element elementor-element-5ff830d6 elementor-widget elementor-widget-heading\" data-id=\"5ff830d6\" data-element_type=\"widget\" data-widget_type=\"heading.default\">\n\t\t\t\t<div class=\"elementor-widget-container\">\n\t\t\t<h2 class=\"elementor-heading-title elementor-size-default\">UN SDG - sustainable development goals<\/h2>\t\t<\/div>\n\t\t\t\t<\/div>\n\t\t\t\t<div class=\"elementor-element elementor-element-455a9c48 elementor-widget elementor-widget-heading\" data-id=\"455a9c48\" data-element_type=\"widget\" data-widget_type=\"heading.default\">\n\t\t\t\t<div class=\"elementor-widget-container\">\n\t\t\t<h2 class=\"elementor-heading-title elementor-size-default\">Die 17 Nachhaltigkeitsziele der Vereinten Nationen<\/h2>\t\t<\/div>\n\t\t\t\t<\/div>\n\t\t\t\t<div class=\"elementor-element elementor-element-43f70a59 elementor-widget elementor-widget-text-editor\" data-id=\"43f70a59\" data-element_type=\"widget\" data-widget_type=\"text-editor.default\">\n\t\t\t\t<div class=\"elementor-widget-container\">\n\t\t\t\t\t\t\t<p>Beziehen sich auf\u00a0 Wirtschaft, Soziales und Umwelt und folgen f\u00fcnf Prinzipien, in Englisch: People, Planet, Prosperity, Peace and\u00a0 Partnership. Diesen Prinzipien f\u00fchlen wir uns in der werkt\u00e4glichen Praxis ebenso verpflichtet und richten unser Handeln hiernach aus.<\/p>\t\t\t\t\t\t<\/div>\n\t\t\t\t<\/div>\n\t\t\t\t<div class=\"elementor-element elementor-element-3b75ef36 wpr-button-icon-style-inline wpr-button-icon-position-right elementor-widget elementor-widget-wpr-button\" data-id=\"3b75ef36\" data-element_type=\"widget\" data-widget_type=\"wpr-button.default\">\n\t\t\t\t<div class=\"elementor-widget-container\">\n\t\t\t\t\n\t\t\t\n\t\t\n\t\t<div class=\"wpr-button-wrap elementor-clearfix\">\n\t\t<a class=\"wpr-button wpr-button-effect wpr-button-none\" data-text=\"Go\" href=\"https:\/\/bqpd.eu\/index.php\/un-agenda-2020-sgd\/\">\n\t\t\t\n\t\t\t<span class=\"wpr-button-content\">\n\t\t\t\t\t\t\t\t\t<span class=\"wpr-button-text\">Mehr Infos<\/span>\n\t\t\t\t\t\t\t\t\n\t\t\t\t\t\t\t<\/span>\n\t\t<\/a>\n\n\t\t\t\t<\/div>\n\t\n\t\n\t\t\t<\/div>\n\t\t\t\t<\/div>\n\t\t\t\t\t<\/div>\n\t\t<\/div>\n\t\t\t\t\t<\/div>\n\t\t<\/section>\n\t\t\t\t\t<\/div>\n\t\t<\/div>\n\t\t\t\t\t<\/div>\n\t\t<\/section>\n\t\t\t\t<\/div>\n\t\t","protected":false},"excerpt":{"rendered":"<p>Best choice bqpd.eu steht f\u00fcr best quality professionals domain in der Europ\u00e4ischen Union. Das bedeutet, dass Professionalit\u00e4t und Qualit\u00e4t in unserem Service vor allem geht, weil &#8222;high speed not always the right speed&#8220; ist, insbesondere wenn es um erfolgskritische Personalentscheidungen geht.\u00a0 Erstgespr\u00e4ch vereinbaren Gekommen um zu bleiben Meilensteine auf dem Weg als europ\u00e4ischer Dienstleister Es sind nur die ersten Schritte auf dem langen Weg ein f\u00fchrender europ\u00e4ischer Dienstleister f\u00fcr die professionelle Vermittlung von Fach- und F\u00fchrungskr\u00e4ften zu werden. Der Anfang ist gemacht. Juli 2024Gr\u00fcndung bqpd.eu Go 2 Market Gr\u00fcndliche \u00dcberlegungen zur Gr\u00fcndung und ein schneller Markteintritt. April 2025Neue Niederlassung In der Mitte Europas Zentral gelegen und gut erreichbar f\u00fcr Kollegen sowie Kunden. 2026KI Product Launch Smarter Matching K\u00fcnstliche Intelligenz als Kern unseres Produktportfolios 2030Markenkonsolidierung ONE Eine Marke f\u00fcr alle M\u00e4rkte The better source for quality! Unser Qualit\u00e4tsversprechen: Wir liefern Professional Services mit einer gro\u00dfen Portion Freude! Denn Qualit\u00e4t braucht Zeit \u2013 wir investieren die Zeit, die es braucht, um Ihnen erstklassige Beratung und ma\u00dfgeschneiderte L\u00f6sungen zu bieten. Mit einer sorgf\u00e4ltigen Herangehensweise und dem Fokus auf Ihre Bed\u00fcrfnisse garantieren wir exzellente Ergebnisse und eine partnerschaftliche Zusammenarbeit. Verlassen Sie sich darauf, dass wir Ihr Unternehmen mit Engagement und einem L\u00e4cheln voranbringen \u2013 Schritt f\u00fcr Schritt und mit nachhaltigem Erfolg im Blick. Erstgespr\u00e4ch vereinbaren UN SDG &#8211; sustainable development goals Die 17 Nachhaltigkeitsziele der Vereinten Nationen Beziehen sich auf\u00a0 Wirtschaft, Soziales und Umwelt und folgen f\u00fcnf Prinzipien, in Englisch: People, Planet, Prosperity, Peace and\u00a0 Partnership. Diesen Prinzipien f\u00fchlen wir uns in der werkt\u00e4glichen Praxis ebenso verpflichtet und richten unser Handeln hiernach aus. Mehr Infos<\/p>\n","protected":false},"author":1,"featured_media":0,"parent":0,"menu_order":0,"comment_status":"closed","ping_status":"closed","template":"elementor_header_footer","meta":{"content-type":"","footnotes":""},"class_list":["post-267","page","type-page","status-publish","hentry"],"_links":{"self":[{"href":"https:\/\/bqpd.eu\/index.php\/wp-json\/wp\/v2\/pages\/267","targetHints":{"allow":["GET"]}}],"collection":[{"href":"https:\/\/bqpd.eu\/index.php\/wp-json\/wp\/v2\/pages"}],"about":[{"href":"https:\/\/bqpd.eu\/index.php\/wp-json\/wp\/v2\/types\/page"}],"author":[{"embeddable":true,"href":"https:\/\/bqpd.eu\/index.php\/wp-json\/wp\/v2\/users\/1"}],"replies":[{"embeddable":true,"href":"https:\/\/bqpd.eu\/index.php\/wp-json\/wp\/v2\/comments?post=267"}],"version-history":[{"count":41,"href":"https:\/\/bqpd.eu\/index.php\/wp-json\/wp\/v2\/pages\/267\/revisions"}],"predecessor-version":[{"id":919,"href":"https:\/\/bqpd.eu\/index.php\/wp-json\/wp\/v2\/pages\/267\/revisions\/919"}],"wp:attachment":[{"href":"https:\/\/bqpd.eu\/index.php\/wp-json\/wp\/v2\/media?parent=267"}],"curies":[{"name":"wp","href":"https:\/\/api.w.org\/{rel}","templated":true}]}}