{"id":223,"date":"2024-06-10T20:53:41","date_gmt":"2024-06-10T20:53:41","guid":{"rendered":"https:\/\/bqpd.eu\/?page_id=223"},"modified":"2024-06-10T21:03:37","modified_gmt":"2024-06-10T21:03:37","slug":"discovery-call","status":"publish","type":"page","link":"https:\/\/bqpd.eu\/index.php\/discovery-call\/","title":{"rendered":"Discovery Call"},"content":{"rendered":"\n<h3>Wir kommen gerne mit Ihnen ins Gespr\u00e4ch<br> und ins Gesch\u00e4ft!<\/h3>\n<br>\n<br>\n<br>\nNat\u00fcrlich k\u00f6nnen Sie uns auch zu unseren Servicezeiten telefonisch erreichen. Falls Sie jedoch einen terminierten R\u00fcckruf von uns w\u00fcnschen oder eine Erstgespr\u00e4ch zu einem Projekt vereinbaren m\u00f6chten, dann schreiben Sie uns einfach \u00fcber das folgende Formular Ihre Nachricht.\n<br>\n<br>\n<br>\n<br>\n\n\n<div class=\"frm_forms  with_frm_style frm_style_formidable-style\" id=\"frm_form_3_container\" data-token=\"5a46a84a24c7e6b2e3b860069d5ecbf8\">\n<form enctype=\"multipart\/form-data\" method=\"post\" class=\"frm-show-form \" id=\"form_angebotsanforderung\"  data-token=\"5a46a84a24c7e6b2e3b860069d5ecbf8\">\n<div class=\"frm_form_fields \">\n<fieldset>\n<legend class=\"frm_screen_reader\">Angebotsanforderung<\/legend>\r\n\r\n<div class=\"frm_fields_container\">\n<input type=\"hidden\" name=\"frm_action\" value=\"create\" \/>\n<input type=\"hidden\" name=\"form_id\" value=\"3\" \/>\n<input type=\"hidden\" name=\"frm_hide_fields_3\" id=\"frm_hide_fields_3\" value=\"\" \/>\n<input type=\"hidden\" name=\"form_key\" value=\"angebotsanforderung\" \/>\n<input type=\"hidden\" name=\"item_meta[0]\" value=\"\" \/>\n<input type=\"hidden\" id=\"frm_submit_entry_3\" name=\"frm_submit_entry_3\" value=\"ba5ed4dd4c\" \/><input type=\"hidden\" name=\"_wp_http_referer\" value=\"\/index.php\/wp-json\/wp\/v2\/pages\/223\" \/><label id=\"field_1tum5_label\" class=\"frm_primary_label\">Name\r\n        <span class=\"frm_required\">*<\/span>\r\n<\/label>\r\n<div id=\"frm_field_15_container\" class=\"frm_form_field form-field  frm_required_field frm_none_container frm_half\">\r\n    <label for=\"field_1tum5\" id=\"field_1tum5_label\" class=\"frm_primary_label\">Vorname\r\n        <span class=\"frm_required\">*<\/span>\r\n    <\/label>\r\n    <input type=\"text\" id=\"field_1tum5\" name=\"item_meta[15]\" value=\"\"  data-reqmsg=\"Vorname darf nicht leer sein.\" aria-required=\"true\" data-invmsg=\"Text is invalid\" aria-invalid=\"false\"   aria-describedby=\"frm_desc_field_1tum5\"\/>\r\n    <div class=\"frm_description\" id=\"frm_desc_field_1tum5\">Vorname<\/div>\r\n    \r\n<\/div>\n<div id=\"frm_field_16_container\" class=\"frm_form_field form-field  frm_required_field frm_none_container frm_half\">\r\n    <label for=\"field_l0hfb\" id=\"field_l0hfb_label\" class=\"frm_primary_label\">Familienname\r\n        <span class=\"frm_required\">*<\/span>\r\n    <\/label>\r\n    <input type=\"text\" id=\"field_l0hfb\" name=\"item_meta[16]\" value=\"\"  data-reqmsg=\"Familienname darf nicht leer sein.\" aria-required=\"true\" data-invmsg=\"Text is invalid\" aria-invalid=\"false\"   aria-describedby=\"frm_desc_field_l0hfb\"\/>\r\n    <div class=\"frm_description\" id=\"frm_desc_field_l0hfb\">Nachnahme<\/div>\r\n    \r\n<\/div>\n<div id=\"frm_field_17_container\" class=\"frm_form_field form-field  frm_top_container\">\r\n    <label for=\"field_cskco\" id=\"field_cskco_label\" class=\"frm_primary_label\">Berufstitel\r\n        <span class=\"frm_required\"><\/span>\r\n    <\/label>\r\n    <input type=\"text\" id=\"field_cskco\" name=\"item_meta[17]\" value=\"\"  data-invmsg=\"Text is invalid\" aria-invalid=\"false\"  \/>\r\n    \r\n    \r\n<\/div>\n<div id=\"frm_field_18_container\" class=\"frm_form_field form-field  frm_top_container\">\r\n    <label for=\"field_x1h8j\" id=\"field_x1h8j_label\" class=\"frm_primary_label\">Name des Unternehmens bzw. Organisation\r\n        <span class=\"frm_required\"><\/span>\r\n    <\/label>\r\n    <input type=\"text\" id=\"field_x1h8j\" name=\"item_meta[18]\" value=\"\"  data-invmsg=\"Text is invalid\" aria-invalid=\"false\"  \/>\r\n    \r\n    \r\n<\/div>\n<div id=\"frm_field_19_container\" class=\"frm_form_field form-field  frm_top_container\">\r\n    <label for=\"field_4hu4q\" id=\"field_4hu4q_label\" class=\"frm_primary_label\">Biographie\r\n        <span class=\"frm_required\"><\/span>\r\n    <\/label>\r\n    <textarea name=\"item_meta[19]\" id=\"field_4hu4q\" rows=\"5\"  data-invmsg=\"Biographie ist ung\u00fcltig\" aria-invalid=\"false\"  ><\/textarea>\r\n    \r\n    \r\n<\/div>\n<div id=\"frm_field_20_container\" class=\"frm_form_field form-field  frm_top_container\">\r\n    <label for=\"field_3aduh\" id=\"field_3aduh_label\" class=\"frm_primary_label\">Telefonnummer\r\n        <span class=\"frm_required\"><\/span>\r\n    <\/label>\r\n    <input type=\"tel\" id=\"field_3aduh\" name=\"item_meta[20]\" value=\"\"  data-invmsg=\"Telefonnummer ist ung\u00fcltig\" aria-invalid=\"false\" pattern=\"\\(\\d\\d\\d\\) \\d\\d\\d-\\d\\d\\d\\d$\"  \/>\r\n    \r\n    \r\n<\/div>\n<div id=\"frm_field_21_container\" class=\"frm_form_field form-field  frm_required_field frm_top_container\">\r\n    <label for=\"field_6a1bn\" id=\"field_6a1bn_label\" class=\"frm_primary_label\">Email\r\n        <span class=\"frm_required\">*<\/span>\r\n    <\/label>\r\n    <input type=\"email\" id=\"field_6a1bn\" name=\"item_meta[21]\" value=\"\"  data-reqmsg=\"Email darf nicht leer sein.\" aria-required=\"true\" data-invmsg=\"Email ist ung\u00fcltig\" aria-invalid=\"false\"  \/>\r\n    \r\n    \r\n<\/div>\n<div id=\"frm_field_22_container\" class=\"frm_form_field form-field  frm_top_container\">\r\n    <label for=\"field_iji0b\" id=\"field_iji0b_label\" class=\"frm_primary_label\">Titel der Angebotsanfrage\r\n        <span class=\"frm_required\"><\/span>\r\n    <\/label>\r\n    <input type=\"text\" id=\"field_iji0b\" name=\"item_meta[22]\" value=\"\"  data-invmsg=\"Text is invalid\" aria-invalid=\"false\"  \/>\r\n    \r\n    \r\n<\/div>\n<div id=\"frm_field_23_container\" class=\"frm_form_field form-field  frm_top_container\">\r\n    <label for=\"field_wtqof\" id=\"field_wtqof_label\" class=\"frm_primary_label\">Kurzbeschreibung\r\n        <span class=\"frm_required\"><\/span>\r\n    <\/label>\r\n    <textarea name=\"item_meta[23]\" id=\"field_wtqof\" rows=\"5\"  data-invmsg=\"Kurzbeschreibung ist ung\u00fcltig\" aria-invalid=\"false\"  ><\/textarea>\r\n    \r\n    \r\n<\/div>\n<div id=\"frm_field_24_container\" class=\"frm_form_field form-field  frm_top_container\">\r\n    <label for=\"field_ervjt\" id=\"field_ervjt_label\" class=\"frm_primary_label\">Zusammenfassung\r\n        <span class=\"frm_required\"><\/span>\r\n    <\/label>\r\n    <textarea name=\"item_meta[24]\" id=\"field_ervjt\" rows=\"5\"  data-invmsg=\"Zusammenfassung ist ung\u00fcltig\" aria-invalid=\"false\"  ><\/textarea>\r\n    \r\n    \r\n<\/div>\n<div id=\"frm_field_25_container\" class=\"frm_form_field form-field  frm_top_container vertical_radio\">\r\n    <div  id=\"field_q3o2f_label\" class=\"frm_primary_label\">Services\r\n        <span class=\"frm_required\"><\/span>\r\n    <\/div>\r\n    <div class=\"frm_opt_container\" aria-labelledby=\"field_q3o2f_label\" role=\"group\">\t\t<div class=\"frm_checkbox\" id=\"frm_checkbox_25-0\"><label for=\"field_q3o2f-0\"><input type=\"checkbox\" name=\"item_meta[25][]\" id=\"field_q3o2f-0\" value=\"Interims Manager\"  data-invmsg=\"Services ist ung\u00fcltig\" aria-invalid=\"false\"   \/> Interims Manager<\/label><\/div>\n\t\t<div class=\"frm_checkbox\" id=\"frm_checkbox_25-1\"><label for=\"field_q3o2f-1\"><input type=\"checkbox\" name=\"item_meta[25][]\" id=\"field_q3o2f-1\" value=\"Industrie Experten\"  data-invmsg=\"Services ist ung\u00fcltig\" aria-invalid=\"false\"   \/> Industrie Experten<\/label><\/div>\n\t\t<div class=\"frm_checkbox\" id=\"frm_checkbox_25-2\"><label for=\"field_q3o2f-2\"><input type=\"checkbox\" name=\"item_meta[25][]\" id=\"field_q3o2f-2\" value=\"Direct Search\"  data-invmsg=\"Services ist ung\u00fcltig\" aria-invalid=\"false\"   \/> Direct Search<\/label><\/div>\n\t\t<div class=\"frm_checkbox\" id=\"frm_checkbox_25-3\"><label for=\"field_q3o2f-3\"><input type=\"checkbox\" name=\"item_meta[25][]\" id=\"field_q3o2f-3\" value=\"IT Freelancer\"  data-invmsg=\"Services ist ung\u00fcltig\" aria-invalid=\"false\"   \/> IT Freelancer<\/label><\/div>\n\t\t<div class=\"frm_checkbox\" id=\"frm_checkbox_25-4\"><label for=\"field_q3o2f-4\"><input type=\"checkbox\" name=\"item_meta[25][]\" id=\"field_q3o2f-4\" value=\"Consultants\"  data-invmsg=\"Services ist ung\u00fcltig\" aria-invalid=\"false\"   \/> Consultants<\/label><\/div>\n<\/div>\r\n    \r\n    \r\n<\/div>\n<div id=\"frm_field_26_container\" class=\"frm_form_field form-field  frm_top_container\">\r\n    <label for=\"field_fb6kz\" id=\"field_fb6kz_label\" class=\"frm_primary_label\">Gew\u00fcnschte Art der Kontaktaufnahme\r\n        <span class=\"frm_required\"><\/span>\r\n    <\/label>\r\n    \t\t<select name=\"item_meta[26]\" id=\"field_fb6kz\"  data-invmsg=\"Gew\u00fcnschte Art der Kontaktaufnahme ist ung\u00fcltig\" aria-invalid=\"false\"  >\n\t\t<option  value=\"Videokonferenz, z.B. Zoom\">Videokonferenz, z.B. Zoom<\/option><option  value=\"Telefonanruf\">Telefonanruf<\/option><option  value=\"Pr\u00e4sentation vor Ort\">Pr\u00e4sentation vor Ort<\/option>\t<\/select>\n\t\r\n    \r\n    \r\n<\/div>\n<div id=\"frm_field_27_container\" class=\"frm_form_field form-field  frm_top_container\">\r\n    <label for=\"field_kdbfb\" id=\"field_kdbfb_label\" class=\"frm_primary_label\">Ihre Vorkenntnisse\r\n        <span class=\"frm_required\"><\/span>\r\n    <\/label>\r\n    \t\t<select name=\"item_meta[27]\" id=\"field_kdbfb\"  data-invmsg=\"Ihre Vorkenntnisse ist ung\u00fcltig\" aria-invalid=\"false\"  >\n\t\t<option  value=\"Novize\">Novize<\/option><option  value=\"Erfahren\">Erfahren<\/option><option  value=\"Experte\">Experte<\/option>\t<\/select>\n\t\r\n    \r\n    \r\n<\/div>\n<div id=\"frm_field_28_container\" class=\"frm_form_field form-field  frm_top_container\">\r\n    <label for=\"field_msw21\" id=\"field_msw21_label\" class=\"frm_primary_label\">Erg\u00e4nzende Informationen\r\n        <span class=\"frm_required\"><\/span>\r\n    <\/label>\r\n    <textarea name=\"item_meta[28]\" id=\"field_msw21\" rows=\"5\"  data-invmsg=\"Erg\u00e4nzende Informationen ist ung\u00fcltig\" aria-invalid=\"false\"  ><\/textarea>\r\n    \r\n    \r\n<\/div>\n<div id=\"frm_field_29_container\" class=\"frm_form_field form-field \">\n\t<div class=\"frm_submit\">\r\n\r\n<button class=\"frm_button_submit\" type=\"submit\"  >Senden<\/button>\r\n\r\n<\/div>\n<\/div>\n\t<input type=\"hidden\" name=\"item_key\" value=\"\" \/>\n\t\t\t\t<div class=\"frm__6662d28280f3c\">\n\t\t\t\t<label for=\"frm_email_3\" >\n\t\t\t\t\tFalls Du menschlich bist, lasse dieses Feld leer.\t\t\t\t<\/label>\n\t\t\t\t<input  id=\"frm_email_3\" type=\"text\" class=\"frm_verify\" name=\"frm__6662d28280f3c\" value=\"\" autocomplete=\"off\"  \/>\n\t\t\t<\/div>\n\t\t<\/div>\n<\/fieldset>\n<\/div>\n<\/form>\n<\/div>\n","protected":false},"excerpt":{"rendered":"<p>Wir kommen gerne mit Ihnen ins Gespr\u00e4ch und ins Gesch\u00e4ft! Nat\u00fcrlich k\u00f6nnen Sie uns auch zu unseren Servicezeiten telefonisch erreichen. Falls Sie jedoch einen terminierten R\u00fcckruf von uns w\u00fcnschen oder eine Erstgespr\u00e4ch zu einem Projekt vereinbaren m\u00f6chten, dann schreiben Sie uns einfach \u00fcber das folgende Formular Ihre Nachricht.<\/p>\n","protected":false},"author":1,"featured_media":0,"parent":0,"menu_order":0,"comment_status":"closed","ping_status":"closed","template":"","meta":{"content-type":"","footnotes":""},"class_list":["post-223","page","type-page","status-publish","hentry"],"_links":{"self":[{"href":"https:\/\/bqpd.eu\/index.php\/wp-json\/wp\/v2\/pages\/223","targetHints":{"allow":["GET"]}}],"collection":[{"href":"https:\/\/bqpd.eu\/index.php\/wp-json\/wp\/v2\/pages"}],"about":[{"href":"https:\/\/bqpd.eu\/index.php\/wp-json\/wp\/v2\/types\/page"}],"author":[{"embeddable":true,"href":"https:\/\/bqpd.eu\/index.php\/wp-json\/wp\/v2\/users\/1"}],"replies":[{"embeddable":true,"href":"https:\/\/bqpd.eu\/index.php\/wp-json\/wp\/v2\/comments?post=223"}],"version-history":[{"count":7,"href":"https:\/\/bqpd.eu\/index.php\/wp-json\/wp\/v2\/pages\/223\/revisions"}],"predecessor-version":[{"id":235,"href":"https:\/\/bqpd.eu\/index.php\/wp-json\/wp\/v2\/pages\/223\/revisions\/235"}],"wp:attachment":[{"href":"https:\/\/bqpd.eu\/index.php\/wp-json\/wp\/v2\/media?parent=223"}],"curies":[{"name":"wp","href":"https:\/\/api.w.org\/{rel}","templated":true}]}}