{"id":203,"date":"2024-06-10T19:43:56","date_gmt":"2024-06-10T19:43:56","guid":{"rendered":"https:\/\/bqpd.eu\/?page_id=203"},"modified":"2024-06-16T12:52:35","modified_gmt":"2024-06-16T12:52:35","slug":"kontakt","status":"publish","type":"page","link":"https:\/\/bqpd.eu\/index.php\/kontakt\/","title":{"rendered":"Kontakt"},"content":{"rendered":"\t\t<div data-elementor-type=\"wp-page\" data-elementor-id=\"203\" class=\"elementor elementor-203\">\n\t\t\t\t<div class=\"elementor-element elementor-element-4285c29b e-flex e-con-boxed wpr-particle-no wpr-jarallax-no wpr-parallax-no wpr-sticky-section-no e-con e-parent\" data-id=\"4285c29b\" data-element_type=\"container\">\n\t\t\t\t\t<div class=\"e-con-inner\">\n\t\t\t\t<div class=\"elementor-element elementor-element-1ee88d1f elementor-widget elementor-widget-text-editor\" data-id=\"1ee88d1f\" data-element_type=\"widget\" data-widget_type=\"text-editor.default\">\n\t\t\t\t<div class=\"elementor-widget-container\">\n\t\t\t<style>\/*! elementor - v3.21.0 - 26-05-2024 *\/\n.elementor-widget-text-editor.elementor-drop-cap-view-stacked .elementor-drop-cap{background-color:#69727d;color:#fff}.elementor-widget-text-editor.elementor-drop-cap-view-framed .elementor-drop-cap{color:#69727d;border:3px solid;background-color:transparent}.elementor-widget-text-editor:not(.elementor-drop-cap-view-default) .elementor-drop-cap{margin-top:8px}.elementor-widget-text-editor:not(.elementor-drop-cap-view-default) .elementor-drop-cap-letter{width:1em;height:1em}.elementor-widget-text-editor .elementor-drop-cap{float:left;text-align:center;line-height:1;font-size:50px}.elementor-widget-text-editor .elementor-drop-cap-letter{display:inline-block}<\/style>\t\t\t\t<!-- wp:html -->\n<h3>Wir freuen uns auf Ihre Nachricht!<\/h3>\n<br>\n<br>\n<br>\nLiebe Kundin, lieber Kunde!<br>\nNat\u00fcrlich k\u00f6nnen Sie uns wie gewohnt zu unseren Servicezeiten erreichen. Falls Sie jedoch einen terminierten R\u00fcckruf von uns w\u00fcnschen oder <a href=\"https:\/\/bqpd.eu\/index.php\/discovery-call\/\">einen Termin zur Angebotsanfrage anfordern<\/a> m\u00f6chten, dann schreiben Sie uns einfach \u00fcber das folgende Formular Ihre Nachricht. \n<br>\n<br>\n<br>\n<br>\n<!-- \/wp:html -->\n\n<!-- wp:formidable\/simple-form {\"formId\":\"2\"} -->\n<div><div class=\"frm_forms  with_frm_style frm_style_formidable-style\" id=\"frm_form_2_container\" data-token=\"5a46a84a24c7e6b2e3b860069d5ecbf8\" data-token=\"5a46a84a24c7e6b2e3b860069d5ecbf8\">\n<form enctype=\"multipart\/form-data\" method=\"post\" class=\"frm-show-form \" id=\"form_kontakt\"  data-token=\"5a46a84a24c7e6b2e3b860069d5ecbf8\" data-token=\"5a46a84a24c7e6b2e3b860069d5ecbf8\">\n<div class=\"frm_form_fields \">\n<fieldset>\n<legend class=\"frm_screen_reader\">Kontakt<\/legend>\r\n\r\n<div class=\"frm_fields_container\">\n<input type=\"hidden\" name=\"frm_action\" value=\"create\" \/>\n<input type=\"hidden\" name=\"form_id\" value=\"2\" \/>\n<input type=\"hidden\" name=\"frm_hide_fields_2\" id=\"frm_hide_fields_2\" value=\"\" \/>\n<input type=\"hidden\" name=\"form_key\" value=\"kontakt\" \/>\n<input type=\"hidden\" name=\"item_meta[0]\" value=\"\" \/>\n<input type=\"hidden\" id=\"frm_submit_entry_2\" name=\"frm_submit_entry_2\" value=\"ba5ed4dd4c\" \/><input type=\"hidden\" name=\"_wp_http_referer\" value=\"\/index.php\/wp-json\/wp\/v2\/pages\/203\" \/><div id=\"frm_field_6_container\" class=\"frm_form_field form-field  frm_required_field frm_top_container\">\n\t<label for=\"field_qh4icy2413\" id=\"field_qh4icy2413_label\" class=\"frm_primary_label\">Ihr Unternehmen\n\t\t<span class=\"frm_required\" aria-hidden=\"true\">*<\/span>\n\t<\/label>\n\t<input type=\"text\" id=\"field_qh4icy2413\" name=\"item_meta[6]\" value=\"\"  data-reqmsg=\"Blank Field\" aria-required=\"true\" data-invmsg=\"Name is invalid\" aria-invalid=\"false\"  \/>\n\t\n\t\n<\/div>\n<div id=\"frm_field_7_container\" class=\"frm_form_field form-field  frm_top_container\">\n\t<label for=\"field_1uipz\" id=\"field_1uipz_label\" class=\"frm_primary_label\">Website\/URL\n\t\t<span class=\"frm_required\" aria-hidden=\"true\"><\/span>\n\t<\/label>\n\t<input type=\"url\" id=\"field_1uipz\" name=\"item_meta[7]\" value=\"\"  data-invmsg=\"Website\/URL ist ung\u00fcltig\" aria-invalid=\"false\"  \/>\n\t\n\t\n<\/div>\n<div id=\"frm_field_8_container\" class=\"frm_form_field form-field  frm_required_field frm_top_container frm_first frm_half\">\n\t<label for=\"field_rkarr\" id=\"field_rkarr_label\" class=\"frm_primary_label\">Ihr Name\n\t\t<span class=\"frm_required\" aria-hidden=\"true\">*<\/span>\n\t<\/label>\n\t<input type=\"text\" id=\"field_rkarr\" name=\"item_meta[8]\" value=\"\"  data-reqmsg=\"Blank Field\" aria-required=\"true\" data-invmsg=\"Name is invalid\" aria-invalid=\"false\"   aria-describedby=\"frm_desc_field_rkarr\"\/>\n\t<div class=\"frm_description\" id=\"frm_desc_field_rkarr\">Vorname<\/div>\n\t\n<\/div>\n<div id=\"frm_field_9_container\" class=\"frm_form_field form-field  frm_required_field frm_hidden_container frm_half\">\n\t<label for=\"field_81vxe\" id=\"field_81vxe_label\" class=\"frm_primary_label\">Ihr Name\n\t\t<span class=\"frm_required\" aria-hidden=\"true\">*<\/span>\n\t<\/label>\n\t<input type=\"text\" id=\"field_81vxe\" name=\"item_meta[9]\" value=\"\"  data-reqmsg=\"Blank Field\" aria-required=\"true\" data-invmsg=\"Name is invalid\" aria-invalid=\"false\"   aria-describedby=\"frm_desc_field_81vxe\"\/>\n\t<div class=\"frm_description\" id=\"frm_desc_field_81vxe\">Familienname<\/div>\n\t\n<\/div>\n<div id=\"frm_field_10_container\" class=\"frm_form_field form-field  frm_top_container\">\n\t<label for=\"field_mlxkn\" id=\"field_mlxkn_label\" class=\"frm_primary_label\">Telefonnummer\n\t\t<span class=\"frm_required\" aria-hidden=\"true\"><\/span>\n\t<\/label>\n\t<input type=\"tel\" id=\"field_mlxkn\" name=\"item_meta[10]\" value=\"\"  data-invmsg=\"Telefonnummer ist ung\u00fcltig\" aria-invalid=\"false\" pattern=\"\\(\\d\\d\\d\\)-\\d\\d\\d-\\d\\d\\d\\d$\"  \/>\n\t\n\t\n<\/div>\n<div id=\"frm_field_11_container\" class=\"frm_form_field form-field  frm_required_field frm_top_container frm_full\">\n\t<label for=\"field_29yf4d13\" id=\"field_29yf4d13_label\" class=\"frm_primary_label\">Email\n\t\t<span class=\"frm_required\" aria-hidden=\"true\">*<\/span>\n\t<\/label>\n\t<input type=\"email\" id=\"field_29yf4d13\" name=\"item_meta[11]\" value=\"\"  data-reqmsg=\"Blank Field\" aria-required=\"true\" data-invmsg=\"Please enter a valid email address\" aria-invalid=\"false\"  \/>\n\t\n\t\n<\/div>\n<div id=\"frm_field_12_container\" class=\"frm_form_field form-field  frm_top_container\">\n\t<label for=\"field_r5eeh7\" id=\"field_r5eeh7_label\" class=\"frm_primary_label\">Ihre Adresse\n\t\t<span class=\"frm_required\" aria-hidden=\"true\"><\/span>\n\t<\/label>\n\t<input type=\"text\" id=\"field_r5eeh7\" name=\"item_meta[12]\" value=\"\"  data-invmsg=\"Ihre Adresse ist ung\u00fcltig\" aria-invalid=\"false\"  \/>\n\t\n\t\n<\/div>\n<div id=\"frm_field_13_container\" class=\"frm_form_field form-field  frm_top_container frm_full\">\n\t<label for=\"field_9jv0r19\" id=\"field_9jv0r19_label\" class=\"frm_primary_label\">Ihre Nachricht\n\t\t<span class=\"frm_required\" aria-hidden=\"true\"><\/span>\n\t<\/label>\n\t<textarea name=\"item_meta[13]\" id=\"field_9jv0r19\" rows=\"5\"  data-invmsg=\"Ihre Nachricht ist ung\u00fcltig\" aria-invalid=\"false\"  ><\/textarea>\n\t\n\t\n<\/div>\n<div id=\"frm_field_14_container\" class=\"frm_form_field form-field \">\n\t<div class=\"frm_submit\">\r\n\r\n<button class=\"frm_button_submit\" type=\"submit\"  >Senden<\/button>\r\n\r\n<\/div>\n<\/div>\n\t<input type=\"hidden\" name=\"item_key\" value=\"\" \/>\n\t\t\t\t<div class=\"frm__6662d28280f3c\">\n\t\t\t\t<label for=\"frm_email_2\" >\n\t\t\t\t\tFalls Du menschlich bist, lasse dieses Feld leer.\t\t\t\t<\/label>\n\t\t\t\t<input  id=\"frm_email_2\" type=\"text\" class=\"frm_verify\" name=\"frm__6662d28280f3c\" value=\"\" autocomplete=\"off\"  \/>\n\t\t\t<\/div>\n\t\t<\/div>\n<\/fieldset>\n<\/div>\n<\/form>\n<\/div>\n<\/div>\n<!-- \/wp:formidable\/simple-form -->\t\t\t\t\t\t<\/div>\n\t\t\t\t<\/div>\n\t\t\t\t\t<\/div>\n\t\t\t\t<\/div>\n\t\t<div class=\"elementor-element elementor-element-c857634 e-flex e-con-boxed wpr-particle-no wpr-jarallax-no wpr-parallax-no wpr-sticky-section-no e-con e-parent\" data-id=\"c857634\" data-element_type=\"container\">\n\t\t\t\t\t<div class=\"e-con-inner\">\n\t\t\t\t<div class=\"elementor-element elementor-element-8af38df elementor-widget elementor-widget-text-editor\" data-id=\"8af38df\" data-element_type=\"widget\" data-widget_type=\"text-editor.default\">\n\t\t\t\t<div class=\"elementor-widget-container\">\n\t\t\t\t\t\t\t<p>In der Peripherie von K\u00f6ln liegt unsere Verwaltungsadresse. <br \/>Inmitten der st\u00e4rksten Wirtschaftsregion der Europ\u00e4ischen Union und nur 20 Minuten vom K\u00f6lner Hauptbahnhof und 35 Minuten vom Hauptbahnhof der Landeshauptstadt D\u00fcsseldorf entfernt.<\/p>\t\t\t\t\t\t<\/div>\n\t\t\t\t<\/div>\n\t\t\t\t\t<\/div>\n\t\t\t\t<\/div>\n\t\t<div class=\"elementor-element elementor-element-02d8d7c e-flex e-con-boxed wpr-particle-no wpr-jarallax-no wpr-parallax-no wpr-sticky-section-no e-con e-parent\" data-id=\"02d8d7c\" data-element_type=\"container\">\n\t\t\t\t\t<div class=\"e-con-inner\">\n\t\t\t\t<div class=\"elementor-element elementor-element-fff13c6 elementor-widget elementor-widget-google_maps\" data-id=\"fff13c6\" data-element_type=\"widget\" data-widget_type=\"google_maps.default\">\n\t\t\t\t<div class=\"elementor-widget-container\">\n\t\t\t<style>\/*! elementor - v3.21.0 - 26-05-2024 *\/\n.elementor-widget-google_maps .elementor-widget-container{overflow:hidden}.elementor-widget-google_maps .elementor-custom-embed{line-height:0}.elementor-widget-google_maps iframe{height:300px}<\/style>\t\t<div class=\"elementor-custom-embed\">\n\t\t\t<iframe loading=\"lazy\"\n\t\t\t\t\tsrc=\"https:\/\/maps.google.com\/maps?q=Untere%20Dorfstr.%2020%2C%20K%C3%B6ln&#038;t=m&#038;z=10&#038;output=embed&#038;iwloc=near\"\n\t\t\t\t\ttitle=\"Untere Dorfstr. 20, K\u00f6ln\"\n\t\t\t\t\taria-label=\"Untere Dorfstr. 20, K\u00f6ln\"\n\t\t\t><\/iframe>\n\t\t<\/div>\n\t\t\t\t<\/div>\n\t\t\t\t<\/div>\n\t\t\t\t\t<\/div>\n\t\t\t\t<\/div>\n\t\t\t\t<\/div>\n\t\t","protected":false},"excerpt":{"rendered":"<p>Wir freuen uns auf Ihre Nachricht! Liebe Kundin, lieber Kunde! Nat\u00fcrlich k\u00f6nnen Sie uns wie gewohnt zu unseren Servicezeiten erreichen. Falls Sie jedoch einen terminierten R\u00fcckruf von uns w\u00fcnschen oder einen Termin zur Angebotsanfrage anfordern m\u00f6chten, dann schreiben Sie uns einfach \u00fcber das folgende Formular Ihre Nachricht. In der Peripherie von K\u00f6ln liegt unsere Verwaltungsadresse. Inmitten der st\u00e4rksten Wirtschaftsregion der Europ\u00e4ischen Union und nur 20 Minuten vom K\u00f6lner Hauptbahnhof und 35 Minuten vom Hauptbahnhof der Landeshauptstadt D\u00fcsseldorf entfernt.<\/p>\n","protected":false},"author":1,"featured_media":0,"parent":0,"menu_order":0,"comment_status":"closed","ping_status":"closed","template":"","meta":{"content-type":"","footnotes":""},"class_list":["post-203","page","type-page","status-publish","hentry"],"_links":{"self":[{"href":"https:\/\/bqpd.eu\/index.php\/wp-json\/wp\/v2\/pages\/203","targetHints":{"allow":["GET"]}}],"collection":[{"href":"https:\/\/bqpd.eu\/index.php\/wp-json\/wp\/v2\/pages"}],"about":[{"href":"https:\/\/bqpd.eu\/index.php\/wp-json\/wp\/v2\/types\/page"}],"author":[{"embeddable":true,"href":"https:\/\/bqpd.eu\/index.php\/wp-json\/wp\/v2\/users\/1"}],"replies":[{"embeddable":true,"href":"https:\/\/bqpd.eu\/index.php\/wp-json\/wp\/v2\/comments?post=203"}],"version-history":[{"count":21,"href":"https:\/\/bqpd.eu\/index.php\/wp-json\/wp\/v2\/pages\/203\/revisions"}],"predecessor-version":[{"id":540,"href":"https:\/\/bqpd.eu\/index.php\/wp-json\/wp\/v2\/pages\/203\/revisions\/540"}],"wp:attachment":[{"href":"https:\/\/bqpd.eu\/index.php\/wp-json\/wp\/v2\/media?parent=203"}],"curies":[{"name":"wp","href":"https:\/\/api.w.org\/{rel}","templated":true}]}}